{"id":545,"date":"2026-02-06T15:23:16","date_gmt":"2026-02-06T15:23:16","guid":{"rendered":"https:\/\/www.enfysfunerals.co.uk\/?page_id=545"},"modified":"2026-03-02T11:50:15","modified_gmt":"2026-03-02T11:50:15","slug":"eirch","status":"publish","type":"page","link":"https:\/\/www.enfysfunerals.co.uk\/cy\/costau-ac-opsiynau\/eirch\/","title":{"rendered":"Eirch"},"content":{"rendered":"\n<div class=\"wp-block-group alignfull has-base-2-background-color has-background has-global-padding is-layout-constrained wp-container-core-group-is-layout-f611be13 wp-block-group-is-layout-constrained\" style=\"padding-top:var(--wp--preset--spacing--50);padding-right:var(--wp--preset--spacing--50);padding-bottom:var(--wp--preset--spacing--50);padding-left:var(--wp--preset--spacing--50)\">\n<h1 class=\"wp-block-heading has-xx-large-font-size\"><strong>Eirch<\/strong><\/h1>\n\n\n\n<p>Yn Enfys, rydym yn teimlo bod dewis mor bwysig ond rydym hefyd yn cydnabod pa mor llethol y gall gormod o ddewis deimlo. Isod mae rhai enghreifftiau o&#8217;r gwahanol fathau o eirch y gallwch ddewis ohonynt a gallwch glicio ar y ddolen i lawrlwytho ein llyfryn arch am fwy o opsiynau.<\/p>\n<\/div>\n\n\n\n<div class=\"wp-block-group alignfull has-global-padding is-layout-constrained wp-block-group-is-layout-constrained\" style=\"padding-top:var(--wp--preset--spacing--50);padding-bottom:var(--wp--preset--spacing--50)\">\n<div class=\"wp-block-columns alignwide is-layout-flex wp-container-core-columns-is-layout-658170e2 wp-block-columns-is-layout-flex\">\n<div class=\"wp-block-column is-layout-flow wp-block-column-is-layout-flow\" style=\"flex-basis:40%\">\n<h2 class=\"wp-block-heading\">Eirch wedi&#8217;u finerio<\/h2>\n<\/div>\n\n\n\n<div class=\"wp-block-column is-layout-flow wp-block-column-is-layout-flow\" style=\"flex-basis:60%\">\n<p>Mae eirch wedi&#8217;u finerio yn ddewis poblogaidd ar gyfer amlosgiadau a gellir eu defnyddio hefyd ar gyfer claddedigaethau. Mae amrywiaeth o orffeniadau pren ar gael gan gynnwys derw, llwyfen, ceirios, mahogani; ac opsiynau pellach fel dolenni ac addurniadau pres neu arian; a gleiniau i&#8217;r caead neu ochrau panel boglynnog.<\/p>\n\n\n\n<p class=\"has-heading-font-family\">\u00adArch Conway, derw wedi&#8217;i fineru gyda chaead gleiniog, o \u00a3345.<\/p>\n\n\n\n<figure class=\"wp-block-image size-full\"><img loading=\"lazy\" decoding=\"async\" width=\"961\" height=\"440\" src=\"https:\/\/www.enfysfunerals.co.uk\/wp-content\/uploads\/2026\/02\/Veneer-Coffin-1.jpg\" alt=\"\" class=\"wp-image-445\" srcset=\"https:\/\/www.enfysfunerals.co.uk\/wp-content\/uploads\/2026\/02\/Veneer-Coffin-1.jpg 961w, https:\/\/www.enfysfunerals.co.uk\/wp-content\/uploads\/2026\/02\/Veneer-Coffin-1-300x137.jpg 300w, https:\/\/www.enfysfunerals.co.uk\/wp-content\/uploads\/2026\/02\/Veneer-Coffin-1-768x352.jpg 768w\" sizes=\"auto, (max-width: 961px) 100vw, 961px\" \/><\/figure>\n<\/div>\n<\/div>\n<\/div>\n\n\n\n<div class=\"wp-block-group alignfull has-background has-global-padding is-layout-constrained wp-block-group-is-layout-constrained\" style=\"background:linear-gradient(180deg,rgb(235,239,235) 0%,rgb(255,255,255) 28%);padding-top:var(--wp--preset--spacing--50);padding-bottom:var(--wp--preset--spacing--50)\">\n<div class=\"wp-block-columns alignwide is-layout-flex wp-container-core-columns-is-layout-658170e2 wp-block-columns-is-layout-flex\">\n<div class=\"wp-block-column is-layout-flow wp-block-column-is-layout-flow\" style=\"flex-basis:40%\">\n<h2 class=\"wp-block-heading\">Eirch Pren Solet<\/h2>\n<\/div>\n\n\n\n<div class=\"wp-block-column is-layout-flow wp-block-column-is-layout-flow\" style=\"flex-basis:60%\">\n<p>Mae eirch pren solet yn ddigymar o ran eu hansawdd, gan gynnig estheteg gadarn a gwirioneddol premiwm. Mae eirch pren solet yn addas ar gyfer amlosgi ond fe&#8217;u hargymhellir yn amlach ar gyfer claddedigaethau gan gofio eu bod yn drwm iawn. Maent ar gael mewn llawer o wahanol goed fel derw, mahogani a phinwydd ac mae ganddynt opsiynau pellach fel yr eirch wedi&#8217;u fineru neu ddolenni ac addurniadau pres neu arian; gleiniau neu gaead wedi&#8217;i godi ac ochrau panel wedi&#8217;u rhwyllo.<\/p>\n\n\n\n<p class=\"has-heading-font-family\">\u00adArch Chesterfield, derw solet gydag ochrau a phennau panel wedi&#8217;u rhwyllo a chaead dwbl wedi&#8217;i godi, o \u00a3792.<\/p>\n\n\n\n<figure class=\"wp-block-image size-full\"><img loading=\"lazy\" decoding=\"async\" width=\"794\" height=\"420\" src=\"https:\/\/www.enfysfunerals.co.uk\/wp-content\/uploads\/2026\/02\/Chesterfield-Coffin-1.jpg\" alt=\"\" class=\"wp-image-444\" srcset=\"https:\/\/www.enfysfunerals.co.uk\/wp-content\/uploads\/2026\/02\/Chesterfield-Coffin-1.jpg 794w, https:\/\/www.enfysfunerals.co.uk\/wp-content\/uploads\/2026\/02\/Chesterfield-Coffin-1-300x159.jpg 300w, https:\/\/www.enfysfunerals.co.uk\/wp-content\/uploads\/2026\/02\/Chesterfield-Coffin-1-768x406.jpg 768w\" sizes=\"auto, (max-width: 794px) 100vw, 794px\" \/><\/figure>\n<\/div>\n<\/div>\n<\/div>\n\n\n\n<div class=\"wp-block-group alignfull has-background has-global-padding is-layout-constrained wp-block-group-is-layout-constrained\" style=\"background:linear-gradient(180deg,rgb(235,239,235) 0%,rgb(255,255,255) 28%);padding-top:var(--wp--preset--spacing--50);padding-bottom:var(--wp--preset--spacing--50)\">\n<div class=\"wp-block-columns alignwide is-layout-flex wp-container-core-columns-is-layout-658170e2 wp-block-columns-is-layout-flex\">\n<div class=\"wp-block-column is-layout-flow wp-block-column-is-layout-flow\" style=\"flex-basis:40%\">\n<h2 class=\"wp-block-heading\">Eirch Helyg<\/h2>\n<\/div>\n\n\n\n<div class=\"wp-block-column is-layout-flow wp-block-column-is-layout-flow\" style=\"flex-basis:60%\">\n<p>Mae eirch helyg yn cael eu gwehyddu yng Ngwlad yr Haf gan ddefnyddio dim ond helyg sydd wedi&#8217;i dyfu, ei sychu, ei stemio a&#8217;i liwio, ar fferm ein cyflenwr ein hunain. Mae pob arch yn cael ei gwneud i&#8217;w harchebu am gyffyrddiad personol iawn ac yn addas ar gyfer amlosgi, claddu a safleoedd coetir naturiol. Mae eirch helyg ar gael mewn helyg llwydfelyn, gwyn, helyg llwydfelyn hynafol, helyg rhisgl naturiol a helyg wedi&#8217;i stemio; a gellir eu haddasu&#8217;n llawn gyda bandiau lliw gwahanol; leinin kalico lliw; dolenni helyg neu raff; a gellir eu gwneud naill ai mewn pen crwm neu si\u00e2p traddodiadol.<\/p>\n\n\n\n<p>\u00ad<\/p>\n\n\n\n<p class=\"has-heading-font-family\">Arch Southlake, helyg llwydfelyn mewn si\u00e2p pen crwm, o \u00a3615.<\/p>\n\n\n\n<figure class=\"wp-block-image size-full\"><img loading=\"lazy\" decoding=\"async\" width=\"714\" height=\"291\" src=\"https:\/\/www.enfysfunerals.co.uk\/wp-content\/uploads\/2026\/02\/Southlake-Coffin.jpg\" alt=\"\" class=\"wp-image-439\" srcset=\"https:\/\/www.enfysfunerals.co.uk\/wp-content\/uploads\/2026\/02\/Southlake-Coffin.jpg 714w, https:\/\/www.enfysfunerals.co.uk\/wp-content\/uploads\/2026\/02\/Southlake-Coffin-300x122.jpg 300w\" sizes=\"auto, (max-width: 714px) 100vw, 714px\" \/><\/figure>\n<\/div>\n<\/div>\n<\/div>\n\n\n\n<div class=\"wp-block-group alignfull has-background has-global-padding is-layout-constrained wp-block-group-is-layout-constrained\" style=\"background:linear-gradient(180deg,rgb(235,239,235) 0%,rgb(255,255,255) 28%);padding-top:var(--wp--preset--spacing--50);padding-bottom:var(--wp--preset--spacing--50)\">\n<div class=\"wp-block-columns alignwide is-layout-flex wp-container-core-columns-is-layout-658170e2 wp-block-columns-is-layout-flex\">\n<div class=\"wp-block-column is-layout-flow wp-block-column-is-layout-flow\" style=\"flex-basis:40%\">\n<h2 class=\"wp-block-heading\">Eirch wedi&#8217;u gwehyddu<\/h2>\n<\/div>\n\n\n\n<div class=\"wp-block-column is-layout-flow wp-block-column-is-layout-flow\" style=\"flex-basis:60%\">\n<p>Mae eirch wedi&#8217;u gwehyddu \u00e2 llaw gan wneuthurwyr basgedi medrus gan wneud pob un yn unigryw ac yn addas ar gyfer claddu, amlosgi a safleoedd claddu naturiol. Maent ar gael mewn amrywiaeth o ddefnyddiau naturiol, cynaliadwy fel glaswellt y m\u00f4r, cansen, bamb\u0175, dail banana, rattan, gw\u0177dd a ffon goco; a gellir eu gwneud naill ai mewn pen crwm neu si\u00e2p traddodiadol.<\/p>\n\n\n\n<p class=\"has-heading-font-family\">\u00adArch Dail Banana, si\u00e2p hirgrwn gyda dolenni rhaff naturiol, o \u00a3562.<\/p>\n\n\n\n<figure class=\"wp-block-image size-large\"><img loading=\"lazy\" decoding=\"async\" width=\"1024\" height=\"512\" src=\"https:\/\/www.enfysfunerals.co.uk\/wp-content\/uploads\/2026\/02\/Banana-Leaf-Coffin-1024x512.jpg\" alt=\"\" class=\"wp-image-435\" srcset=\"https:\/\/www.enfysfunerals.co.uk\/wp-content\/uploads\/2026\/02\/Banana-Leaf-Coffin-1024x512.jpg 1024w, https:\/\/www.enfysfunerals.co.uk\/wp-content\/uploads\/2026\/02\/Banana-Leaf-Coffin-300x150.jpg 300w, https:\/\/www.enfysfunerals.co.uk\/wp-content\/uploads\/2026\/02\/Banana-Leaf-Coffin-768x384.jpg 768w, https:\/\/www.enfysfunerals.co.uk\/wp-content\/uploads\/2026\/02\/Banana-Leaf-Coffin.jpg 1200w\" sizes=\"auto, (max-width: 1024px) 100vw, 1024px\" \/><\/figure>\n<\/div>\n<\/div>\n<\/div>\n\n\n\n<div class=\"wp-block-group alignfull has-background has-global-padding is-layout-constrained wp-block-group-is-layout-constrained\" style=\"background:linear-gradient(180deg,rgb(235,239,235) 0%,rgb(255,255,255) 27%);padding-top:var(--wp--preset--spacing--50);padding-bottom:var(--wp--preset--spacing--50)\">\n<div class=\"wp-block-columns alignwide is-layout-flex wp-container-core-columns-is-layout-658170e2 wp-block-columns-is-layout-flex\">\n<div class=\"wp-block-column is-layout-flow wp-block-column-is-layout-flow\" style=\"flex-basis:40%\">\n<h2 class=\"wp-block-heading\">Eirch Jiwt<\/h2>\n<\/div>\n\n\n\n<div class=\"wp-block-column is-layout-flow wp-block-column-is-layout-flow\" style=\"flex-basis:60%\">\n<p>Mae Eirch Jiwt yn ddewis cymharol newydd, ecogyfeillgar a fforddiadwy sy&#8217;n addas ar gyfer amlosgi, claddu neu safleoedd coetir naturiol. Fe&#8217;u hadeiladwyd gan ddefnyddio ffr\u00e2m bren Paulownia gynaliadwy, wedi&#8217;u gorchuddio \u00e2 ffabrig jiwt o ansawdd uchel ac wedi&#8217;u gorffen \u00e2 dolenni bamb\u0175.<\/p>\n\n\n\n<p>\u00ad<\/p>\n\n\n\n<p class=\"has-heading-font-family\">Eirch Jiwt gyda dolenni bamb\u0175, o \u00a3150.<\/p>\n\n\n\n<figure class=\"wp-block-image size-large\"><img loading=\"lazy\" decoding=\"async\" width=\"1024\" height=\"512\" src=\"https:\/\/www.enfysfunerals.co.uk\/wp-content\/uploads\/2026\/02\/Jute-Coffin-1-1024x512.jpg\" alt=\"\" class=\"wp-image-442\" srcset=\"https:\/\/www.enfysfunerals.co.uk\/wp-content\/uploads\/2026\/02\/Jute-Coffin-1-1024x512.jpg 1024w, https:\/\/www.enfysfunerals.co.uk\/wp-content\/uploads\/2026\/02\/Jute-Coffin-1-300x150.jpg 300w, https:\/\/www.enfysfunerals.co.uk\/wp-content\/uploads\/2026\/02\/Jute-Coffin-1-768x384.jpg 768w, https:\/\/www.enfysfunerals.co.uk\/wp-content\/uploads\/2026\/02\/Jute-Coffin-1.jpg 1200w\" sizes=\"auto, (max-width: 1024px) 100vw, 1024px\" \/><\/figure>\n<\/div>\n<\/div>\n<\/div>\n\n\n\n<div class=\"wp-block-group alignfull has-background has-global-padding is-layout-constrained wp-block-group-is-layout-constrained\" style=\"background:linear-gradient(180deg,rgb(235,239,235) 0%,rgb(255,255,255) 28%);padding-top:var(--wp--preset--spacing--50);padding-bottom:var(--wp--preset--spacing--50)\">\n<div class=\"wp-block-columns alignwide is-layout-flex wp-container-core-columns-is-layout-658170e2 wp-block-columns-is-layout-flex\">\n<div class=\"wp-block-column is-layout-flow wp-block-column-is-layout-flow\" style=\"flex-basis:40%\">\n<h2 class=\"wp-block-heading\">Eirch Cardbord<\/h2>\n<\/div>\n\n\n\n<div class=\"wp-block-column is-layout-flow wp-block-column-is-layout-flow\" style=\"flex-basis:60%\">\n<p>Mae Eirch Cardbord ar gael mewn brown naturiol neu wyn lili; neu gellir eu haddasu gyda dyluniad pwrpasol. Maent yn addas ar gyfer claddu, amlosgi a safleoedd coetir naturiol ac mae ganddynt ddolenni rhaff cadarn.<\/p>\n\n\n\n<p class=\"has-heading-font-family\">\u00ad Eirch Cardbord gwyn-lili gyda dolenni rhaff, o \u00a3350.<\/p>\n\n\n\n<figure class=\"wp-block-image size-full\"><img loading=\"lazy\" decoding=\"async\" width=\"814\" height=\"333\" src=\"https:\/\/www.enfysfunerals.co.uk\/wp-content\/uploads\/2026\/02\/White-Cardboard-Coffin-1.jpg\" alt=\"\" class=\"wp-image-443\" srcset=\"https:\/\/www.enfysfunerals.co.uk\/wp-content\/uploads\/2026\/02\/White-Cardboard-Coffin-1.jpg 814w, https:\/\/www.enfysfunerals.co.uk\/wp-content\/uploads\/2026\/02\/White-Cardboard-Coffin-1-300x123.jpg 300w, https:\/\/www.enfysfunerals.co.uk\/wp-content\/uploads\/2026\/02\/White-Cardboard-Coffin-1-768x314.jpg 768w\" sizes=\"auto, (max-width: 814px) 100vw, 814px\" \/><\/figure>\n<\/div>\n<\/div>\n<\/div>\n\n\n\n<div class=\"wp-block-group alignfull has-background has-global-padding is-layout-constrained wp-block-group-is-layout-constrained\" style=\"background:linear-gradient(180deg,rgb(235,239,235) 0%,rgb(255,255,255) 28%);padding-top:var(--wp--preset--spacing--50);padding-bottom:var(--wp--preset--spacing--50)\">\n<div class=\"wp-block-columns alignwide is-layout-flex wp-container-core-columns-is-layout-658170e2 wp-block-columns-is-layout-flex\">\n<div class=\"wp-block-column is-layout-flow wp-block-column-is-layout-flow\" style=\"flex-basis:40%\">\n<h2 class=\"wp-block-heading\">&#8216;Loop Living Cocoon&#8217;<\/h2>\n<\/div>\n\n\n\n<div class=\"wp-block-column is-layout-flow wp-block-column-is-layout-flow\" style=\"flex-basis:60%\">\n<p>Mae&#8217;r &#8216;Loop Living Cocoon&#8217; yn cael ei dyfu o fadarch ac mae&#8217;n arch amgen hardd, naturiol sy&#8217;n addas ar gyfer amlosgi, claddu, neu safleoedd coetir naturiol. Wedi&#8217;i dyfu mewn dim ond 7 diwrnod, mae&#8217;n dychwelyd yn llawn i&#8217;r ddaear o fewn 45 diwrnod, gan gyfoethogi&#8217;r ddaear gan ddod yn ffynhonnell i fywyd newydd ffynnu. Mae gan y coc\u0175n chwe dolen jiwt integredig; mae wedi&#8217;i leinio \u00e2 gwely meddal o fwsogl ac mae ar gael mewn lliw &#8216;tawel&#8217; neu &#8216;wyllt&#8217;.<\/p>\n\n\n\n<p>\u00ad<\/p>\n\n\n\n<p class=\"has-heading-font-family\">Tawel &#8216;Loop Living Cocoon&#8217;, 0 \u00a31400.<\/p>\n\n\n\n<figure class=\"wp-block-image size-full\"><img loading=\"lazy\" decoding=\"async\" width=\"1000\" height=\"510\" src=\"https:\/\/www.enfysfunerals.co.uk\/wp-content\/uploads\/2026\/02\/Living-Cocoon-Coffin-1.jpg\" alt=\"\" class=\"wp-image-446\" srcset=\"https:\/\/www.enfysfunerals.co.uk\/wp-content\/uploads\/2026\/02\/Living-Cocoon-Coffin-1.jpg 1000w, https:\/\/www.enfysfunerals.co.uk\/wp-content\/uploads\/2026\/02\/Living-Cocoon-Coffin-1-300x153.jpg 300w, https:\/\/www.enfysfunerals.co.uk\/wp-content\/uploads\/2026\/02\/Living-Cocoon-Coffin-1-768x392.jpg 768w\" sizes=\"auto, (max-width: 1000px) 100vw, 1000px\" \/><\/figure>\n<\/div>\n<\/div>\n<\/div>\n","protected":false},"excerpt":{"rendered":"<p>Eirch Yn Enfys, rydym yn teimlo bod dewis mor bwysig ond rydym hefyd yn cydnabod pa mor llethol y gall gormod o ddewis deimlo. Isod mae rhai enghreifftiau o&#8217;r gwahanol fathau o eirch y gallwch ddewis ohonynt a gallwch glicio ar y ddolen i lawrlwytho ein llyfryn arch am fwy o opsiynau. Eirch wedi&#8217;u finerio [&hellip;]<\/p>\n","protected":false},"author":1,"featured_media":0,"parent":515,"menu_order":0,"comment_status":"closed","ping_status":"closed","template":"page-no-title","meta":{"footnotes":""},"class_list":["post-545","page","type-page","status-publish","hentry"],"aioseo_notices":[],"_links":{"self":[{"href":"https:\/\/www.enfysfunerals.co.uk\/cy\/wp-json\/wp\/v2\/pages\/545","targetHints":{"allow":["GET"]}}],"collection":[{"href":"https:\/\/www.enfysfunerals.co.uk\/cy\/wp-json\/wp\/v2\/pages"}],"about":[{"href":"https:\/\/www.enfysfunerals.co.uk\/cy\/wp-json\/wp\/v2\/types\/page"}],"author":[{"embeddable":true,"href":"https:\/\/www.enfysfunerals.co.uk\/cy\/wp-json\/wp\/v2\/users\/1"}],"replies":[{"embeddable":true,"href":"https:\/\/www.enfysfunerals.co.uk\/cy\/wp-json\/wp\/v2\/comments?post=545"}],"version-history":[{"count":2,"href":"https:\/\/www.enfysfunerals.co.uk\/cy\/wp-json\/wp\/v2\/pages\/545\/revisions"}],"predecessor-version":[{"id":666,"href":"https:\/\/www.enfysfunerals.co.uk\/cy\/wp-json\/wp\/v2\/pages\/545\/revisions\/666"}],"up":[{"embeddable":true,"href":"https:\/\/www.enfysfunerals.co.uk\/cy\/wp-json\/wp\/v2\/pages\/515"}],"wp:attachment":[{"href":"https:\/\/www.enfysfunerals.co.uk\/cy\/wp-json\/wp\/v2\/media?parent=545"}],"curies":[{"name":"wp","href":"https:\/\/api.w.org\/{rel}","templated":true}]}}