{"id":532,"date":"2026-02-06T15:04:43","date_gmt":"2026-02-06T15:04:43","guid":{"rendered":"https:\/\/www.enfysfunerals.co.uk\/?page_id=532"},"modified":"2026-03-02T13:08:12","modified_gmt":"2026-03-02T13:08:12","slug":"gwybodaeth-ddefnyddiol","status":"publish","type":"page","link":"https:\/\/www.enfysfunerals.co.uk\/cy\/gwybodaeth-ddefnyddiol\/","title":{"rendered":"Gwybodaeth Ddefnyddiol"},"content":{"rendered":"\n<div class=\"wp-block-group alignfull has-gradient-1-gradient-background has-background has-global-padding is-layout-constrained wp-container-core-group-is-layout-8131457d wp-block-group-is-layout-constrained\" style=\"margin-top:0;margin-bottom:0;padding-top:var(--wp--preset--spacing--50);padding-right:var(--wp--preset--spacing--50);padding-bottom:0;padding-left:var(--wp--preset--spacing--50)\">\n<h1 class=\"wp-block-heading is-style-default has-xx-large-font-size\">Gwybodaeth Ddefnyddiol<\/h1>\n\n\n\n<p class=\"has-heading-font-family has-large-font-size wp-container-content-9cfa9a5a\">Beth i wneud pan fydd rhywun yn marw&#8230;<\/p>\n<\/div>\n\n\n\n<div class=\"wp-block-group alignfull has-base-background-color has-background has-global-padding is-layout-constrained wp-container-core-group-is-layout-d89aad35 wp-block-group-is-layout-constrained\" style=\"margin-top:0;margin-bottom:0;padding-top:var(--wp--preset--spacing--50);padding-right:var(--wp--preset--spacing--50);padding-bottom:var(--wp--preset--spacing--50);padding-left:var(--wp--preset--spacing--50)\">\n<div class=\"wp-block-columns alignwide is-layout-flex wp-container-core-columns-is-layout-549b0c86 wp-block-columns-is-layout-flex\">\n<div class=\"wp-block-column has-global-padding is-content-justification-left is-layout-constrained wp-container-core-column-is-layout-c4d06299 wp-block-column-is-layout-constrained\" style=\"flex-basis:40%\">\n<h2 class=\"wp-block-heading is-style-asterisk has-large-font-size\">Cam 1:<br>Gwirio&#8217;r marwolaeth<\/h2>\n<\/div>\n\n\n\n<div class=\"wp-block-column is-layout-flow wp-block-column-is-layout-flow\" style=\"flex-basis:60%\">\n<p class=\"has-heading-font-family\">Pan fydd rhywun yn marw, rhaid i weithiwr meddygol proffesiynol wirio eu marwolaeth, e.e. meddyg, nyrs neu barafeddyg. Bydd y broses yma yn dibynnu ar ble a sut y bu farw&#8217;r person.<\/p>\n\n\n\n<p>Os buont farw gartref ac roedd disgwyl iddynt farw, efallai bod y t\u00eem gofal lliniarol wedi rhoi rhif i chi ei ffonio neu gallwch ffonio eu meddyg arferol, neu 111 os ydynt wedi marw yn y nos a gofyn am y meddyg ar alwad. Yna mae angen i chi gysylltu \u00e2&#8217;ch trefnydd angladdau dewisol a fydd yn trefnu i ddod \u00e2&#8217;r person sydd wedi marw i&#8217;w gofal ar \u00f4l i&#8217;r farwolaeth gael ei chadarnhau.<\/p>\n\n\n\n<p>Os bu farw gartref ac nad oedd disgwyl iddynt farw, rhaid i chi ffonio&#8217;r gwasanaethau brys ar 999. Byddant yn hysbysu&#8217;r crwner ac yn trefnu i&#8217;w trefnydd angladdau ar alwad gasglu&#8217;r person sydd wedi marw. (Gallwch ofyn i&#8217;r heddlu ddefnyddio&#8217;ch trefnydd angladdau dewisol ar yr amod eu bod wedi&#8217;u cymeradwyo gan y Crwner).<\/p>\n\n\n\n<p>Os byddent wedi marw yn yr ysbyty, bydd t\u00eem profedigaeth yr ysbyty yn eich tywys drwy&#8217;r camau nesaf. Bydd angen i chi gysylltu \u00e2&#8217;ch trefnydd angladdau dewisol i drefnu dod \u00e2&#8217;r person sydd wedi marw i&#8217;w gofal unwaith y bydd y gwaith papur angenrheidiol wedi&#8217;i gwblhau.<\/p>\n\n\n\n<p>Os buont farw mewn cartref gofal neu hosbis a bod disgwyl iddynt farw, bydd y staff yn cysylltu \u00e2 gweithiwr meddygol proffesiynol i wirio eu marwolaeth; a byddant yn cysylltu \u00e2&#8217;ch trefnydd angladdau dewisol ar eich rhan. Os ydynt wedi marw&#8217;n annisgwyl, bydd y staff yn ffonio&#8217;r gwasanaethau brys a fydd yn hysbysu&#8217;r Crwner.<\/p>\n<\/div>\n<\/div>\n<\/div>\n\n\n\n<div class=\"wp-block-group alignfull has-base-2-background-color has-background has-global-padding is-layout-constrained wp-container-core-group-is-layout-d89aad35 wp-block-group-is-layout-constrained\" style=\"margin-top:0;margin-bottom:0;padding-top:var(--wp--preset--spacing--50);padding-right:var(--wp--preset--spacing--50);padding-bottom:var(--wp--preset--spacing--50);padding-left:var(--wp--preset--spacing--50)\">\n<div class=\"wp-block-columns alignwide is-layout-flex wp-container-core-columns-is-layout-549b0c86 wp-block-columns-is-layout-flex\">\n<div class=\"wp-block-column has-global-padding is-content-justification-left is-layout-constrained wp-container-core-column-is-layout-c4d06299 wp-block-column-is-layout-constrained\" style=\"flex-basis:40%\">\n<h2 class=\"wp-block-heading is-style-asterisk has-large-font-size\">Cam 2:<br>Sefydlu achos marwolaeth<\/h2>\n<\/div>\n\n\n\n<div class=\"wp-block-column is-layout-flow wp-block-column-is-layout-flow\" style=\"flex-basis:60%\">\n<p class=\"has-heading-font-family\">Gellir cyfeirio marwolaeth at y Crwner os nad yw achos y farwolaeth yn amlwg. Gall hyn arwain at ymchwiliad pellach gan gynnwys \u2018post-mortem\u2019 os oes angen.<\/p>\n\n\n\n<p> Os nad oes angen cyfeirio&#8217;r farwolaeth at y crwner, mae&#8217;r gwasanaeth Archwiliwr Meddygol yn darparu craffu annibynnol ar bob marwolaeth sy&#8217;n digwydd yng Nghymru a byddent yn gweithio i sicrhau bod pob parti dan sylw a&#8217;r perthynas agosaf yn cytuno ar achos y farwolaeth. <\/p>\n\n\n\n<p>Unwaith y bydd Swyddog Archwilio Meddygol neu Grwner wedi cytuno ar achos y farwolaeth, byddant yn trefnu i&#8217;r \u2018Medical Certificate Cause of Death (MCCD)\u2019 gael ei chyhoeddi a&#8217;i hanfon ymlaen at Gofrestrydd ardal yr awdurdod lleol lle digwyddodd y farwolaeth.<\/p>\n<\/div>\n<\/div>\n<\/div>\n\n\n\n<div class=\"wp-block-group alignfull has-base-background-color has-background has-global-padding is-layout-constrained wp-container-core-group-is-layout-d89aad35 wp-block-group-is-layout-constrained\" style=\"margin-top:0;margin-bottom:0;padding-top:var(--wp--preset--spacing--50);padding-right:var(--wp--preset--spacing--50);padding-bottom:var(--wp--preset--spacing--50);padding-left:var(--wp--preset--spacing--50)\">\n<div class=\"wp-block-columns alignwide is-layout-flex wp-container-core-columns-is-layout-549b0c86 wp-block-columns-is-layout-flex\">\n<div class=\"wp-block-column has-global-padding is-content-justification-left is-layout-constrained wp-container-core-column-is-layout-c4d06299 wp-block-column-is-layout-constrained\" style=\"flex-basis:40%\">\n<h2 class=\"wp-block-heading is-style-asterisk has-large-font-size\">Cam 3:<br>Cofrestru&#8217;r marwolaeth<\/h2>\n<\/div>\n\n\n\n<div class=\"wp-block-column is-layout-flow wp-block-column-is-layout-flow\" style=\"flex-basis:60%\">\n<p class=\"has-heading-font-family\">Unwaith y bydd y Cofrestrydd wedi derbyn y MCCD, byddant yn gwneud apwyntiad i chi gofrestru&#8217;r marwolaeth a chael cop\u00efau o&#8217;r Tystysgrif Marwolaeth y gallwch eu trosglwyddo i&#8217;r awdurdodau perthnasol.<\/p>\n\n\n\n<p>Bydd y Cofrestrydd hefyd yn cynnig gwasanaeth i chi o&#8217;r enw \u2018Tell Us Once\u2019 a fydd yn hysbysu cyrff y llywodraeth am y farwolaeth ar eich rhan.<\/p>\n\n\n\n<p>Os yw&#8217;r Crwner yn credu bod angen ymchwiliad pellach i ganfod achos marwolaeth, byddant yn rhoi \u2018Interim Death Certificate\u2019 i chi yn uniongyrchol yn lle&#8217;r Tystysgrif Marwolaeth.<\/p>\n\n\n\n<p>Gall y Cofrestrydd hefyd roi Tystysgrif Amlosgiad neu Claddu i chi, a elwir hefyd yn Ffurflen Werdd gan ei bod yn wyrdd o ran lliw.<\/p>\n\n\n\n<p>Bydd angen i chi drosglwyddo hwn i&#8217;ch trefnydd angladdau, er fel arfer bydd yn cael ei chyhoeddi&#8217;n electronig a&#8217;i hanfon yn uniongyrchol at eich trefnydd angladdau.<\/p>\n<\/div>\n<\/div>\n<\/div>\n\n\n\n<div class=\"wp-block-group alignfull has-base-2-background-color has-background has-global-padding is-layout-constrained wp-container-core-group-is-layout-d89aad35 wp-block-group-is-layout-constrained\" style=\"margin-top:0;margin-bottom:0;padding-top:var(--wp--preset--spacing--50);padding-right:var(--wp--preset--spacing--50);padding-bottom:var(--wp--preset--spacing--50);padding-left:var(--wp--preset--spacing--50)\">\n<div class=\"wp-block-columns alignwide is-layout-flex wp-container-core-columns-is-layout-549b0c86 wp-block-columns-is-layout-flex\">\n<div class=\"wp-block-column has-global-padding is-content-justification-left is-layout-constrained wp-container-core-column-is-layout-c4d06299 wp-block-column-is-layout-constrained\" style=\"flex-basis:40%\">\n<h2 class=\"wp-block-heading is-style-asterisk has-large-font-size\">Cam 4:<br>Planning the funeral<\/h2>\n<\/div>\n\n\n\n<div class=\"wp-block-column is-layout-flow wp-block-column-is-layout-flow\" style=\"flex-basis:60%\">\n<p class=\"has-heading-font-family\">Gallwch ddechrau cynllunio&#8217;r angladd cyn i&#8217;r MCCD gael ei gyhoeddi neu i&#8217;r farwolaeth gael ei chofrestru.<\/p>\n\n\n\n<p>Efallai bod y sawl sydd wedi marw wedi gadael cyfarwyddiadau angladd yn eu hewyllys neu lythyr dymuniadau; neu os oeddent wedi trefnu angladd wedi&#8217;i dalu ymlaen llaw yna efallai eu bod hefyd wedi enwebu trefnydd angladdau. Os ydych chi&#8217;n dewis trefnydd angladdau, gallwch wirio a ydynt wedi&#8217;u hachredu gyda National Association of Funeral Directors (NAFD) neu National Society of Allied and Independent Funeral Directors (SAIF) ar-lein neu dros y ff\u00f4n.<\/p>\n\n\n\n<p>Mae&#8217;n rhaid i drefnwyr angladdau ddarparu rhestr brisiau safonol fel y gallwch gymharu costau a gallwch ofyn am ddyfynbris manylach cyn eu cyfarwyddo i fwrw ymlaen \u00e2 threfniadau&#8217;r angladd.<\/p>\n\n\n\n<p>Gall y rhan fwyaf o drefnwyr angladdau annibynnol gynnig prisiau sy&#8217;n cymharu \u00e2 chwmn\u00efau angladd cenedlaethol ond gall eu costau amrywio&#8217;n fawr yn ogystal \u00e2&#8217;r gwasanaethau maen nhw&#8217;n eu cynnig felly cymerwch eich amser i wneud y dewis cywir i chi.<\/p>\n<\/div>\n<\/div>\n<\/div>\n\n\n\n<div class=\"wp-block-group alignfull has-global-padding is-layout-constrained wp-container-core-group-is-layout-d89aad35 wp-block-group-is-layout-constrained\" style=\"margin-top:0;margin-bottom:0;padding-top:var(--wp--preset--spacing--50);padding-right:var(--wp--preset--spacing--50);padding-bottom:var(--wp--preset--spacing--50);padding-left:var(--wp--preset--spacing--50)\">\n<div class=\"wp-block-columns alignwide is-layout-flex wp-container-core-columns-is-layout-549b0c86 wp-block-columns-is-layout-flex\">\n<div class=\"wp-block-column has-global-padding is-content-justification-left is-layout-constrained wp-container-core-column-is-layout-c4d06299 wp-block-column-is-layout-constrained\" style=\"flex-basis:40%\">\n<h2 class=\"wp-block-heading is-style-asterisk has-large-font-size\">Cam 5:<br>Paying for the funeral<\/h2>\n<\/div>\n\n\n\n<div class=\"wp-block-column is-layout-flow wp-block-column-is-layout-flow\" style=\"flex-basis:60%\">\n<p class=\"has-heading-font-family\">Gall trefnu angladd fod yn ddrud. Gellir talu am yr angladd drwy bolisi yswiriant bywyd neu gynllun pensiwn neu&#8217;n uniongyrchol o gyfrif banc y person sydd wedi marw.<\/p>\n\n\n\n<p>Mae&#8217;r broses o dalu o gyfrif banc rhywun am eu hangladd wedi&#8217;i symleiddio yn ystod y blynyddoedd diwethaf ac mae&#8217;n osgoi&#8217;r angen i fynd trwy gyfreithwyr neu orfod aros am brofiant gan na ellir gwrthod y taliad yma.<\/p>\n\n\n\n<p>Mae&#8217;r rhifau cyswllt ar gyfer y timau profedigaeth perthnasol wedi&#8217;u cynnwys isod. Os ydych chi ar incwm isel, efallai y byddwch chi&#8217;n gymwys i gael \u2018Funeral Expenses Payment\u2019 gan yr DWP i helpu i dalu costau.<\/p>\n\n\n\n<p>Os nad oes arian i dalu am angladd, gall y cyngor (neu&#8217;r ysbyty os bu farw&#8217;r person yno) drefnu angladd iechyd cyhoeddus. Siaradwch \u00e2&#8217;ch trefnydd angladdau os oes angen unrhyw gyngor arnoch ac i drafod eu telerau talu.<\/p>\n<\/div>\n<\/div>\n<\/div>\n\n\n\n<div class=\"wp-block-group alignfull has-gradient-1-gradient-background has-background has-global-padding is-layout-constrained wp-block-group-is-layout-constrained\" style=\"padding-top:var(--wp--preset--spacing--50);padding-bottom:var(--wp--preset--spacing--50)\">\n<h2 class=\"wp-block-heading\">Rhifau Ff\u00f4n Defnyddiol<\/h2>\n\n\n\n<ul class=\"wp-block-list\">\n<li>Swyddfa Archwiliwr Meddygol Gogledd Cymru: 029215 00699<\/li>\n\n\n\n<li>Swyddfa Crwner Gogledd Orllewin Cymru: 01286 672804<\/li>\n\n\n\n<li>Cofrestrydd Gwynedd (Caernarfon): 01766 771000<\/li>\n\n\n\n<li>Cofrestrydd Ynys M\u00f4n (Llangefni): 01248 751925<\/li>\n\n\n\n<li>T\u00eem Profedigaeth Ysbyty Gwynedd: 03000 850 865<\/li>\n\n\n\n<li>Llinell Gymorth Galar HMRC: 0300 322 9620<\/li>\n\n\n\n<li>Gwasanaeth Profedigaeth Cenedlaethol: 0800 0246 121<\/li>\n\n\n\n<li>NAFD: 0121 711 1343<\/li>\n\n\n\n<li>SAIF: 0345 230 6777<\/li>\n<\/ul>\n\n\n\n<h3 class=\"wp-block-heading\">Timau Cymorth Profedigaeth Banc<\/h3>\n\n\n\n<ul class=\"wp-block-list\">\n<li>NatWest: 0800 161 5903 <\/li>\n\n\n\n<li>Lloyds: 0800 015 0012 <\/li>\n\n\n\n<li>Barclays: 0800 068 2238 <\/li>\n\n\n\n<li>HSBC: 0800 085 1992 <\/li>\n\n\n\n<li>Halifax: 0800 056 0171 <\/li>\n\n\n\n<li>Santander: 0800 587 5870<\/li>\n<\/ul>\n<\/div>\n","protected":false},"excerpt":{"rendered":"<p>Gwybodaeth Ddefnyddiol Beth i wneud pan fydd rhywun yn marw&#8230; Cam 1:Gwirio&#8217;r marwolaeth Pan fydd rhywun yn marw, rhaid i weithiwr meddygol proffesiynol wirio eu marwolaeth, e.e. meddyg, nyrs neu barafeddyg. Bydd y broses yma yn dibynnu ar ble a sut y bu farw&#8217;r person. Os buont farw gartref ac roedd disgwyl iddynt farw, efallai [&hellip;]<\/p>\n","protected":false},"author":1,"featured_media":0,"parent":0,"menu_order":0,"comment_status":"closed","ping_status":"closed","template":"page-no-title","meta":{"footnotes":""},"class_list":["post-532","page","type-page","status-publish","hentry"],"aioseo_notices":[],"_links":{"self":[{"href":"https:\/\/www.enfysfunerals.co.uk\/cy\/wp-json\/wp\/v2\/pages\/532","targetHints":{"allow":["GET"]}}],"collection":[{"href":"https:\/\/www.enfysfunerals.co.uk\/cy\/wp-json\/wp\/v2\/pages"}],"about":[{"href":"https:\/\/www.enfysfunerals.co.uk\/cy\/wp-json\/wp\/v2\/types\/page"}],"author":[{"embeddable":true,"href":"https:\/\/www.enfysfunerals.co.uk\/cy\/wp-json\/wp\/v2\/users\/1"}],"replies":[{"embeddable":true,"href":"https:\/\/www.enfysfunerals.co.uk\/cy\/wp-json\/wp\/v2\/comments?post=532"}],"version-history":[{"count":2,"href":"https:\/\/www.enfysfunerals.co.uk\/cy\/wp-json\/wp\/v2\/pages\/532\/revisions"}],"predecessor-version":[{"id":709,"href":"https:\/\/www.enfysfunerals.co.uk\/cy\/wp-json\/wp\/v2\/pages\/532\/revisions\/709"}],"wp:attachment":[{"href":"https:\/\/www.enfysfunerals.co.uk\/cy\/wp-json\/wp\/v2\/media?parent=532"}],"curies":[{"name":"wp","href":"https:\/\/api.w.org\/{rel}","templated":true}]}}