{"id":513,"date":"2026-02-06T15:05:08","date_gmt":"2026-02-06T15:05:08","guid":{"rendered":"https:\/\/www.enfysfunerals.co.uk\/?page_id=513"},"modified":"2026-03-02T13:17:07","modified_gmt":"2026-03-02T13:17:07","slug":"rhestr-brisiau-cma","status":"publish","type":"page","link":"https:\/\/www.enfysfunerals.co.uk\/cy\/rhestr-brisiau-cma\/","title":{"rendered":"Rhestr Brisiau CMA"},"content":{"rendered":"\n<div class=\"wp-block-group alignfull has-gradient-1-gradient-background has-background has-global-padding is-layout-constrained wp-container-core-group-is-layout-8131457d wp-block-group-is-layout-constrained\" style=\"margin-top:0;margin-bottom:0;padding-top:var(--wp--preset--spacing--50);padding-right:var(--wp--preset--spacing--50);padding-bottom:0;padding-left:var(--wp--preset--spacing--50)\">\n<h1 class=\"wp-block-heading has-text-align-left is-style-default has-xx-large-font-size\">Rhestr Brisiau CMA<\/h1>\n<\/div>\n\n\n\n<p>Mae&#8217;n ofynnol yn \u00f4l y gyfraith i bob trefnydd angladdau yn y DU arddangos gwybodaeth am eu prisiau, telerau busnes a phrisiau amlosgfeydd lleol.<\/p>\n\n\n\n<p>Mae&#8217;r gofyniad hwn yn dilyn ymchwiliad CMA (Awdurdod Cystadleuaeth a Marchnadoedd) i&#8217;r sector angladdau ac mae&#8217;n un yr ydym yn ei gefnogi&#8217;n llwyr ar \u00f4l bod yn dryloyw ac yn onest erioed yngl\u0177n \u00e2&#8217;n prisiau a sut rydym yn gweithio.<\/p>\n\n\n\n<p>Cliciwch yma am ein <a href=\"https:\/\/www.enfysfunerals.co.uk\/wp-content\/uploads\/2026\/02\/Enfys-CMA-Standardised-Price-List-2025.pdf\">Rhestr Brisiau Safonol CMA [pdf]<\/a><\/p>\n\n\n\n<p>Cliciwch yma am ein <a href=\"https:\/\/www.enfysfunerals.co.uk\/2026\/02\/Enfys Terms of Business 2023.pdf\">Telerau Busnes a Datgeliad Buddiannau [pdf]<\/a><\/p>\n\n\n\n<p>Cliciwch yma am <a href=\"https:\/\/www.enfysfunerals.co.uk\/wp-content\/uploads\/2026\/02\/Ffioedd-Amlosgi-Cremation-Fees-2025-26-.pdf\">brisiau amlosgfeydd lleol [pdf]<\/a>.<\/p>\n\n\n\n<p>Mae fformat safonol rhestr brisiau CMA yn caniat\u00e1u ichi gymharu prisiau&#8217;n hawdd rhwng gwahanol drefnwyr angladdau ond rydym yn gwybod nad yw&#8217;n hawdd ei ddehongli ac yn sicr nid yw&#8217;n caniat\u00e1u inni ddangos yr holl opsiynau sydd gennych wrth drefnu angladd.<\/p>\n\n\n\n<p>Gweler <a href=\"https:\/\/www.enfysfunerals.co.uk\/cy\/costau-ac-opsiynau\/\" data-type=\"page\" data-id=\"515\">Ein Prisiau<\/a> am ragor o wybodaeth am ein prisio a sut y gallwn eich helpu i greu angladd ystyrlon sydd wedi&#8217;i deilwra i&#8217;ch cyllideb.<\/p>\n\n\n\n<div style=\"height:100px\" aria-hidden=\"true\" class=\"wp-block-spacer\"><\/div>\n","protected":false},"excerpt":{"rendered":"<p>Rhestr Brisiau CMA Mae&#8217;n ofynnol yn \u00f4l y gyfraith i bob trefnydd angladdau yn y DU arddangos gwybodaeth am eu prisiau, telerau busnes a phrisiau amlosgfeydd lleol. Mae&#8217;r gofyniad hwn yn dilyn ymchwiliad CMA (Awdurdod Cystadleuaeth a Marchnadoedd) i&#8217;r sector angladdau ac mae&#8217;n un yr ydym yn ei gefnogi&#8217;n llwyr ar \u00f4l bod yn dryloyw [&hellip;]<\/p>\n","protected":false},"author":1,"featured_media":0,"parent":0,"menu_order":0,"comment_status":"closed","ping_status":"closed","template":"page-no-title","meta":{"footnotes":""},"class_list":["post-513","page","type-page","status-publish","hentry"],"aioseo_notices":[],"_links":{"self":[{"href":"https:\/\/www.enfysfunerals.co.uk\/cy\/wp-json\/wp\/v2\/pages\/513","targetHints":{"allow":["GET"]}}],"collection":[{"href":"https:\/\/www.enfysfunerals.co.uk\/cy\/wp-json\/wp\/v2\/pages"}],"about":[{"href":"https:\/\/www.enfysfunerals.co.uk\/cy\/wp-json\/wp\/v2\/types\/page"}],"author":[{"embeddable":true,"href":"https:\/\/www.enfysfunerals.co.uk\/cy\/wp-json\/wp\/v2\/users\/1"}],"replies":[{"embeddable":true,"href":"https:\/\/www.enfysfunerals.co.uk\/cy\/wp-json\/wp\/v2\/comments?post=513"}],"version-history":[{"count":3,"href":"https:\/\/www.enfysfunerals.co.uk\/cy\/wp-json\/wp\/v2\/pages\/513\/revisions"}],"predecessor-version":[{"id":718,"href":"https:\/\/www.enfysfunerals.co.uk\/cy\/wp-json\/wp\/v2\/pages\/513\/revisions\/718"}],"wp:attachment":[{"href":"https:\/\/www.enfysfunerals.co.uk\/cy\/wp-json\/wp\/v2\/media?parent=513"}],"curies":[{"name":"wp","href":"https:\/\/api.w.org\/{rel}","templated":true}]}}